{"id":38,"date":"2014-03-24T21:47:12","date_gmt":"2014-03-24T19:47:12","guid":{"rendered":"http:\/\/www.ekir-waldbreitbach.de\/?page_id=38"},"modified":"2026-02-18T13:01:17","modified_gmt":"2026-02-18T12:01:17","slug":"kontakt","status":"publish","type":"page","link":"http:\/\/www.ekir-waldbreitbach.de\/?page_id=38","title":{"rendered":"Kontakt \/ Pfarrer"},"content":{"rendered":"<p><strong>Pfarrer Ulrich Oberd\u00f6rster<\/strong><br \/>\nAm Kaltberg 1<br \/>\nTel.: 02638\/4103<br \/>\nFax.: 02638\/4942<br \/>\nE-Mail: waldbreitbach@ekir.de<\/p>\n<p><strong>Gemeindeb\u00fcro<\/strong><br \/>\n<em>B\u00fcrozeiten:<\/em><br \/>\nDienstag: 14 bis 18 Uhr<br \/>\nMittwoch und Freitag: 09 bis 13 Uhr<br \/>\nGemeindesekret\u00e4rin Frau Beate Neitzert<br \/>\nTel.: 02638\/4103<br \/>\nFax.: 02638\/4942<br \/>\nE-Mail: waldbreitbach@ekir.de<\/p>\n<p><!--<strong>K\u00fcsterin<\/strong>\nFrau Renate Elsen\n\n\n<p style=\"text-align: justify;\"><strong>Lage<\/strong> --><br \/>\nDie Christuskirche, Am Kaltberg 1, finden Sie, wenn Sie von der Neuwieder Stra\u00dfe an der Apotheke die Marienstra\u00dfe hochfahren und sich rechts halten, hinter dem Friedhof Waldbreitbach.<\/p>\n","protected":false},"excerpt":{"rendered":"<p>Pfarrer Ulrich Oberd\u00f6rster Am Kaltberg 1 Tel.: 02638\/4103 Fax.: 02638\/4942 E-Mail: waldbreitbach@ekir.de Gemeindeb\u00fcro B\u00fcrozeiten: Dienstag: 14 bis 18 Uhr Mittwoch und Freitag: 09 bis 13 Uhr Gemeindesekret\u00e4rin Frau Beate Neitzert Tel.: 02638\/4103 Fax.: 02638\/4942 E-Mail: waldbreitbach@ekir.de Die Christuskirche, Am Kaltberg 1, finden Sie, wenn Sie von der Neuwieder Stra\u00dfe an der Apotheke die Marienstra\u00dfe hochfahren &hellip; <a href=\"http:\/\/www.ekir-waldbreitbach.de\/?page_id=38\" class=\"more-link\"><span class=\"screen-reader-text\">Kontakt \/ Pfarrer<\/span> weiterlesen <span class=\"meta-nav\">&rarr;<\/span><\/a><\/p>\n","protected":false},"author":1,"featured_media":0,"parent":0,"menu_order":25,"comment_status":"closed","ping_status":"closed","template":"","meta":{"footnotes":""},"class_list":["post-38","page","type-page","status-publish","hentry"],"jetpack_sharing_enabled":true,"jetpack_shortlink":"https:\/\/wp.me\/P4u1yf-C","_links":{"self":[{"href":"http:\/\/www.ekir-waldbreitbach.de\/index.php?rest_route=\/wp\/v2\/pages\/38","targetHints":{"allow":["GET"]}}],"collection":[{"href":"http:\/\/www.ekir-waldbreitbach.de\/index.php?rest_route=\/wp\/v2\/pages"}],"about":[{"href":"http:\/\/www.ekir-waldbreitbach.de\/index.php?rest_route=\/wp\/v2\/types\/page"}],"author":[{"embeddable":true,"href":"http:\/\/www.ekir-waldbreitbach.de\/index.php?rest_route=\/wp\/v2\/users\/1"}],"replies":[{"embeddable":true,"href":"http:\/\/www.ekir-waldbreitbach.de\/index.php?rest_route=%2Fwp%2Fv2%2Fcomments&post=38"}],"version-history":[{"count":11,"href":"http:\/\/www.ekir-waldbreitbach.de\/index.php?rest_route=\/wp\/v2\/pages\/38\/revisions"}],"predecessor-version":[{"id":1776,"href":"http:\/\/www.ekir-waldbreitbach.de\/index.php?rest_route=\/wp\/v2\/pages\/38\/revisions\/1776"}],"wp:attachment":[{"href":"http:\/\/www.ekir-waldbreitbach.de\/index.php?rest_route=%2Fwp%2Fv2%2Fmedia&parent=38"}],"curies":[{"name":"wp","href":"https:\/\/api.w.org\/{rel}","templated":true}]}}