{"id":25,"date":"2014-03-16T13:54:59","date_gmt":"2014-03-16T11:54:59","guid":{"rendered":"http:\/\/www.ekir-waldbreitbach.de\/?page_id=25"},"modified":"2014-03-16T14:01:01","modified_gmt":"2014-03-16T12:01:01","slug":"impressum","status":"publish","type":"page","link":"http:\/\/www.ekir-waldbreitbach.de\/?page_id=25","title":{"rendered":"Impressum"},"content":{"rendered":"<p style=\"text-align: justify;\">Die nachstehenden Informationen enthalten die gesetzlich vorgesehenen Pflichtangaben zur Internetpr\u00e4senz.<\/p>\n<p><strong>Anbieter dieser Internetpr\u00e4senz<\/strong> ist im Rechtssinne die<br \/>\nEv. Kirchengemeinde Waldbreitbach<br \/>\nAm Kaltberg 1<br \/>\n56588 Waldbreitbach<\/p>\n<p><strong>Vertreten durch<\/strong><br \/>\nPfarrer Ulrich Oberd\u00f6rster<br \/>\nAm Kaltberg 1<br \/>\n56588 Waldbreitbach<br \/>\nTelefon: 02638 &#8211; 4103<br \/>\nFax: 02638 &#8211; 4942<br \/>\nE-Mail: waldbreitbach@ekir.de<\/p>\n<p><strong>Webmaster<\/strong><br \/>\nOliver Theobald<br \/>\nAntoniusstra\u00dfe 14<br \/>\n56588 Waldbreitbach<br \/>\nTelefon 02638\/948208<br \/>\noliver.theobald@ekir-waldbreitbach.de<\/p>\n<p style=\"text-align: justify;\"><strong>Haftung<\/strong><br \/>\nDer Verantwortliche ist um Richtigkeit und Aktualit\u00e4t der auf dieser Internetpr\u00e4senz bereitgestellten Informationen bem\u00fcht. Dennoch k\u00f6nnen Fehler und Unklarheiten nicht vollst\u00e4ndig ausgeschlossen werden. Der Verantwortliche \u00fcbernimmt deshalb keine Gew\u00e4hr f\u00fcr die Aktualit\u00e4t, Richtigkeit oder Vollst\u00e4ndigkeit der bereitgestellten Informationen. F\u00fcr Sch\u00e4den materieller oder immaterieller Art, die durch die Nutzung der dargebotenen Informationen bzw. durch die Nutzung fehlerhafter und unvollst\u00e4ndiger Informationen unmittelbar oder mittelbar verursacht werden, haftet der Verantwortliche nicht, sofern ihm nicht nachweislich vors\u00e4tzliches oder grob fahrl\u00e4ssiges Verschulden zur Last f\u00e4llt. Gleiches gilt f\u00fcr zum Download bereitgehaltene Dateien.<\/p>\n","protected":false},"excerpt":{"rendered":"<p>Die nachstehenden Informationen enthalten die gesetzlich vorgesehenen Pflichtangaben zur Internetpr\u00e4senz. Anbieter dieser Internetpr\u00e4senz ist im Rechtssinne die Ev. Kirchengemeinde Waldbreitbach Am Kaltberg 1 56588 Waldbreitbach Vertreten durch Pfarrer Ulrich Oberd\u00f6rster Am Kaltberg 1 56588 Waldbreitbach Telefon: 02638 &#8211; 4103 Fax: 02638 &#8211; 4942 E-Mail: waldbreitbach@ekir.de Webmaster Oliver Theobald Antoniusstra\u00dfe 14 56588 Waldbreitbach Telefon 02638\/948208 oliver.theobald@ekir-waldbreitbach.de &hellip; <a href=\"http:\/\/www.ekir-waldbreitbach.de\/?page_id=25\" class=\"more-link\"><span class=\"screen-reader-text\">Impressum<\/span> weiterlesen <span class=\"meta-nav\">&rarr;<\/span><\/a><\/p>\n","protected":false},"author":1,"featured_media":0,"parent":0,"menu_order":50,"comment_status":"closed","ping_status":"closed","template":"","meta":{"footnotes":""},"class_list":["post-25","page","type-page","status-publish","hentry"],"jetpack_sharing_enabled":true,"jetpack_shortlink":"https:\/\/wp.me\/P4u1yf-p","_links":{"self":[{"href":"http:\/\/www.ekir-waldbreitbach.de\/index.php?rest_route=\/wp\/v2\/pages\/25","targetHints":{"allow":["GET"]}}],"collection":[{"href":"http:\/\/www.ekir-waldbreitbach.de\/index.php?rest_route=\/wp\/v2\/pages"}],"about":[{"href":"http:\/\/www.ekir-waldbreitbach.de\/index.php?rest_route=\/wp\/v2\/types\/page"}],"author":[{"embeddable":true,"href":"http:\/\/www.ekir-waldbreitbach.de\/index.php?rest_route=\/wp\/v2\/users\/1"}],"replies":[{"embeddable":true,"href":"http:\/\/www.ekir-waldbreitbach.de\/index.php?rest_route=%2Fwp%2Fv2%2Fcomments&post=25"}],"version-history":[{"count":4,"href":"http:\/\/www.ekir-waldbreitbach.de\/index.php?rest_route=\/wp\/v2\/pages\/25\/revisions"}],"predecessor-version":[{"id":30,"href":"http:\/\/www.ekir-waldbreitbach.de\/index.php?rest_route=\/wp\/v2\/pages\/25\/revisions\/30"}],"wp:attachment":[{"href":"http:\/\/www.ekir-waldbreitbach.de\/index.php?rest_route=%2Fwp%2Fv2%2Fmedia&parent=25"}],"curies":[{"name":"wp","href":"https:\/\/api.w.org\/{rel}","templated":true}]}}